{"id":2,"date":"2020-11-05T08:29:22","date_gmt":"2020-11-05T07:29:22","guid":{"rendered":"http:\/\/rusticoportamolina.it\/?page_id=2"},"modified":"2026-02-04T10:12:17","modified_gmt":"2026-02-04T09:12:17","slug":"home-page","status":"publish","type":"page","link":"https:\/\/rusticoportamolina.it\/en\/","title":{"rendered":"Homepage Rustico Porta Molina &#8211; Sulmona"},"content":{"rendered":"<div data-elementor-type=\"wp-page\" data-elementor-id=\"2\" class=\"elementor elementor-2\">\n\t\t\t\t\t\t<section class=\"elementor-section elementor-top-section elementor-element elementor-element-1c141aa elementor-section-boxed elementor-section-height-default elementor-section-height-default\" data-id=\"1c141aa\" data-element_type=\"section\" data-e-type=\"section\">\n\t\t\t\t\t\t<div class=\"elementor-container elementor-column-gap-default\">\n\t\t\t\t\t<div class=\"elementor-column elementor-col-100 elementor-top-column elementor-element elementor-element-02bae12\" data-id=\"02bae12\" data-element_type=\"column\" data-e-type=\"column\">\n\t\t\t<div class=\"elementor-widget-wrap\">\n\t\t\t\t\t\t\t<\/div>\n\t\t<\/div>\n\t\t\t\t\t<\/div>\n\t\t<\/section>\n\t\t\t\t<section class=\"elementor-section elementor-top-section elementor-element elementor-element-17c0845 elementor-section-boxed elementor-section-height-default elementor-section-height-default\" data-id=\"17c0845\" data-element_type=\"section\" data-e-type=\"section\">\n\t\t\t\t\t\t<div class=\"elementor-container elementor-column-gap-default\">\n\t\t\t\t\t<div class=\"elementor-column elementor-col-50 elementor-top-column elementor-element elementor-element-7baa77e\" data-id=\"7baa77e\" data-element_type=\"column\" data-e-type=\"column\">\n\t\t\t<div class=\"elementor-widget-wrap elementor-element-populated\">\n\t\t\t\t\t\t<div class=\"elementor-element elementor-element-8db7578 elementor-widget elementor-widget-hotel-luxury-featured-box\" data-id=\"8db7578\" data-element_type=\"widget\" data-e-type=\"widget\" data-widget_type=\"hotel-luxury-featured-box.default\">\n\t\t\t\t<div class=\"elementor-widget-container\">\n\t\t\t\t\t\t\t<div class=\"banner-item-wrapper\">\n\t\t\t<div class=\"banner-item\">\n\t\t\t\t\t\t\t\t\t<div class=\"banner-details\">\n\t\t\t\t\t\t<h3 class=\"banner-title\">RUSTICO PORTA MOLINA - FINO A 5 POSTI<\/h3>\n\t\t\t\t\t\t<a href=\"https:\/\/rusticoportamolina.it\/en\/locazione-turistica-rustico-porta-molina\/\" class=\"banner-more\">see the details<\/a>\n\t\t\t\t\t<\/div>\n\t\t\t\t\t<img fetchpriority=\"high\" decoding=\"async\" width=\"533\" height=\"335\" src=\"https:\/\/rusticoportamolina.it\/wp-content\/uploads\/2026\/02\/rustico-porta-molina-camera-533x335.jpg\" class=\"attachment-hotel_luxury_medium size-hotel_luxury_medium\" alt=\"\" srcset=\"https:\/\/rusticoportamolina.it\/wp-content\/uploads\/2026\/02\/rustico-porta-molina-camera-533x335.jpg 533w, https:\/\/rusticoportamolina.it\/wp-content\/uploads\/2026\/02\/rustico-porta-molina-camera-18x12.jpg 18w\" sizes=\"(max-width: 533px) 100vw, 533px\" \/>\t\t\t\t\t\t\t<\/div>\n\t\t<\/div>\n\n\t\t\t\t\t\t<\/div>\n\t\t\t\t<\/div>\n\t\t\t\t\t<\/div>\n\t\t<\/div>\n\t\t\t\t<div class=\"elementor-column elementor-col-50 elementor-top-column elementor-element elementor-element-3deb906\" data-id=\"3deb906\" data-element_type=\"column\" data-e-type=\"column\">\n\t\t\t<div class=\"elementor-widget-wrap elementor-element-populated\">\n\t\t\t\t\t\t<div class=\"elementor-element elementor-element-e807e5e elementor-widget elementor-widget-hotel-luxury-featured-box\" data-id=\"e807e5e\" data-element_type=\"widget\" data-e-type=\"widget\" data-widget_type=\"hotel-luxury-featured-box.default\">\n\t\t\t\t<div class=\"elementor-widget-container\">\n\t\t\t\t\t\t\t<div class=\"banner-item-wrapper\">\n\t\t\t<div class=\"banner-item\">\n\t\t\t\t\t\t\t\t\t<div class=\"banner-details\">\n\t\t\t\t\t\t<h3 class=\"banner-title\">RUSTICO PORTA MOLINA  - FINO A 5 POSTI<\/h3>\n\t\t\t\t\t\t<a href=\"https:\/\/rusticoportamolina.it\/en\/locazione-turistica-rustico-porta-molina\/\" class=\"banner-more\">see the details<\/a>\n\t\t\t\t\t<\/div>\n\t\t\t\t\t<img decoding=\"async\" width=\"500\" height=\"335\" src=\"https:\/\/rusticoportamolina.it\/wp-content\/uploads\/2020\/11\/beb-rustico-sulmona-r-500x335.jpg\" class=\"attachment-hotel_luxury_medium size-hotel_luxury_medium\" alt=\"\" \/>\t\t\t\t\t\t\t<\/div>\n\t\t<\/div>\n\n\t\t\t\t\t\t<\/div>\n\t\t\t\t<\/div>\n\t\t\t\t\t<\/div>\n\t\t<\/div>\n\t\t\t\t\t<\/div>\n\t\t<\/section>\n\t\t\t\t<section class=\"elementor-section elementor-top-section elementor-element elementor-element-54815631 elementor-section-boxed elementor-section-height-default elementor-section-height-default\" data-id=\"54815631\" data-element_type=\"section\" data-e-type=\"section\">\n\t\t\t\t\t\t<div class=\"elementor-container elementor-column-gap-default\">\n\t\t\t\t\t<div class=\"elementor-column elementor-col-100 elementor-top-column elementor-element elementor-element-5e1c3e49\" data-id=\"5e1c3e49\" data-element_type=\"column\" data-e-type=\"column\">\n\t\t\t<div class=\"elementor-widget-wrap elementor-element-populated\">\n\t\t\t\t\t\t<div class=\"elementor-element elementor-element-62b07f13 elementor-widget elementor-widget-text-editor\" data-id=\"62b07f13\" data-element_type=\"widget\" data-e-type=\"widget\" data-widget_type=\"text-editor.default\">\n\t\t\t\t<div class=\"elementor-widget-container\">\n\t\t\t\t\t\t\t\t\t<p><strong>Benvenuti nel sito web del \u201cRustico Porta Molina\u201d<\/strong><\/p><p>Il Rustico Porta Molina e&#8217; situato nel centro storico della citt\u00e0 di Sulmona, vicino Corso Ovidio, Piazza Garibaldi, Piazza XX Settembre e tutti i principali monumenti della Citt\u00e0. Inoltre dal Rustico Porta Molina \u00e8 facile raggiungere il Teatro Caniglia, l&#8217;Auditorium dell&#8217;Annunziata, il Palazzo Comunale ed i caratteristici negozi di confetti, prodotto caratteristico che rende Sulmona famosa in tutto il mondo. A tutti i nostri ospiti viene offerto un soggiorno tranquillo e rilassante per farvi vivere un&#8217;esperienza indimenticabile nel cuore della citt\u00e0 di Ovidio.<\/p>\t\t\t\t\t\t\t\t<\/div>\n\t\t\t\t<\/div>\n\t\t\t\t\t<\/div>\n\t\t<\/div>\n\t\t\t\t\t<\/div>\n\t\t<\/section>\n\t\t\t\t<\/div>","protected":false},"excerpt":{"rendered":"<p>RUSTICO PORTA MOLINA &#8211; FINO A 5 POSTI vedi i dettagli RUSTICO PORTA MOLINA &#8211; FINO A 5 POSTI vedi i dettagli Benvenuti nel sito web del \u201cRustico Porta Molina\u201d Il Rustico Porta Molina e&#8217; situato nel centro storico della citt\u00e0 di Sulmona, vicino Corso Ovidio, Piazza Garibaldi, Piazza XX Settembre e tutti i principali [&hellip;]<\/p>\n","protected":false},"author":1,"featured_media":0,"parent":0,"menu_order":0,"comment_status":"closed","ping_status":"closed","template":"fullwidth-template.php","meta":{"ngg_post_thumbnail":0,"footnotes":""},"class_list":["post-2","page","type-page","status-publish","hentry"],"_links":{"self":[{"href":"https:\/\/rusticoportamolina.it\/en\/wp-json\/wp\/v2\/pages\/2","targetHints":{"allow":["GET"]}}],"collection":[{"href":"https:\/\/rusticoportamolina.it\/en\/wp-json\/wp\/v2\/pages"}],"about":[{"href":"https:\/\/rusticoportamolina.it\/en\/wp-json\/wp\/v2\/types\/page"}],"author":[{"embeddable":true,"href":"https:\/\/rusticoportamolina.it\/en\/wp-json\/wp\/v2\/users\/1"}],"replies":[{"embeddable":true,"href":"https:\/\/rusticoportamolina.it\/en\/wp-json\/wp\/v2\/comments?post=2"}],"version-history":[{"count":62,"href":"https:\/\/rusticoportamolina.it\/en\/wp-json\/wp\/v2\/pages\/2\/revisions"}],"predecessor-version":[{"id":314,"href":"https:\/\/rusticoportamolina.it\/en\/wp-json\/wp\/v2\/pages\/2\/revisions\/314"}],"wp:attachment":[{"href":"https:\/\/rusticoportamolina.it\/en\/wp-json\/wp\/v2\/media?parent=2"}],"curies":[{"name":"wp","href":"https:\/\/api.w.org\/{rel}","templated":true}]}}